{"id":2,"date":"2012-01-06T13:52:30","date_gmt":"2012-01-06T12:52:30","guid":{"rendered":"http:\/\/www.mtics.de\/?page_id=2"},"modified":"2014-07-05T13:49:02","modified_gmt":"2014-07-05T11:49:02","slug":"home","status":"publish","type":"page","link":"https:\/\/www.mtics.de\/","title":{"rendered":"Home"},"content":{"rendered":"<p>&nbsp;<\/p>\n<p><span style=\"font-family: helvetica;\">Netzwerke bilden in der IT-Landschaft eines Unternehmens die Basis f\u00fcr die Verf\u00fcgbarkeit von Systemen und Gesch\u00e4ftsprozessen.<\/span><\/p>\n<p><span style=\"font-family: helvetica;\">Die Anforderungen an Netzwerke haben sich im Laufe der Jahre bedeutend gewandelt.<\/span><span style=\"font-family: helvetica;\"> Netzwerke, die lediglich Applikationsdaten zwischen Anwender PCs und Servern transferiert haben, m\u00fcssen heute skalierbar den Transport von weiteren Diensten erm\u00f6glichen. Voice over IP (VoIP), Video Conferencing sowie Storage Traffic stellen neben Hochverf\u00fcgbarkeit und gestiegenen Sicherheitsstandards, neue Anforderungen an ein Netzwerk.<\/span><\/p>\n<p><span style=\"font-family: helvetica;\">Gerne beraten wir Sie, begleiten die Migration auf neue Systeme oder optimieren das bestehende Netzwerk f\u00fcr Ihr <\/span><span style=\"font-family: helvetica;\">Business.<\/span><\/p>\n","protected":false},"excerpt":{"rendered":"<p>&nbsp; Netzwerke bilden in der IT-Landschaft eines Unternehmens die Basis f\u00fcr die Verf\u00fcgbarkeit von Systemen und Gesch\u00e4ftsprozessen. Die Anforderungen an Netzwerke haben sich im Laufe der Jahre bedeutend gewandelt. Netzwerke, die lediglich Applikationsdaten zwischen Anwender PCs und Servern transferiert haben, m\u00fcssen heute skalierbar den Transport von weiteren Diensten erm\u00f6glichen. Voice over IP (VoIP), Video Conferencing <a href=\"https:\/\/www.mtics.de\/\" class=\"more-link\">...continue reading<span class=\"screen-reader-text\"> \"Home\"<\/span><\/a><\/p>\n","protected":false},"author":1,"featured_media":0,"parent":0,"menu_order":1,"comment_status":"closed","ping_status":"closed","template":"onecolumn-page.php","meta":{"footnotes":""},"class_list":["post-2","page","type-page","status-publish","h-entry","hentry","h-as-page"],"_links":{"self":[{"href":"https:\/\/www.mtics.de\/index.php?rest_route=\/wp\/v2\/pages\/2","targetHints":{"allow":["GET"]}}],"collection":[{"href":"https:\/\/www.mtics.de\/index.php?rest_route=\/wp\/v2\/pages"}],"about":[{"href":"https:\/\/www.mtics.de\/index.php?rest_route=\/wp\/v2\/types\/page"}],"author":[{"embeddable":true,"href":"https:\/\/www.mtics.de\/index.php?rest_route=\/wp\/v2\/users\/1"}],"replies":[{"embeddable":true,"href":"https:\/\/www.mtics.de\/index.php?rest_route=%2Fwp%2Fv2%2Fcomments&post=2"}],"version-history":[{"count":119,"href":"https:\/\/www.mtics.de\/index.php?rest_route=\/wp\/v2\/pages\/2\/revisions"}],"predecessor-version":[{"id":412,"href":"https:\/\/www.mtics.de\/index.php?rest_route=\/wp\/v2\/pages\/2\/revisions\/412"}],"wp:attachment":[{"href":"https:\/\/www.mtics.de\/index.php?rest_route=%2Fwp%2Fv2%2Fmedia&parent=2"}],"curies":[{"name":"wp","href":"https:\/\/api.w.org\/{rel}","templated":true}]}}